{"id":1727,"date":"2024-01-24T19:48:56","date_gmt":"2024-01-24T19:48:56","guid":{"rendered":"https:\/\/new.puxles.com\/?page_id=1727"},"modified":"2024-02-18T14:50:30","modified_gmt":"2024-02-18T19:50:30","slug":"servicios","status":"publish","type":"page","link":"https:\/\/puxles.com\/es\/servicios\/","title":{"rendered":"SERVICIOS"},"content":{"rendered":"<div data-elementor-type=\"wp-page\" data-elementor-id=\"1727\" class=\"elementor elementor-1727\">\n\t\t\t\t\t\t\t<div class=\"elementor-element elementor-element-9c206b7 e-flex e-con-boxed e-con e-parent\" data-id=\"9c206b7\" data-element_type=\"container\" data-settings=\"{&quot;content_width&quot;:&quot;boxed&quot;}\" data-core-v316-plus=\"true\">\n\t\t\t\t\t<div class=\"e-con-inner\">\n\t\t<div class=\"elementor-element elementor-element-50794ef e-con-full e-flex e-con e-child\" data-id=\"50794ef\" data-element_type=\"container\" data-settings=\"{&quot;content_width&quot;:&quot;full&quot;}\">\n\t\t\t\t<div class=\"elementor-element elementor-element-f36cd87 elementor-widget elementor-widget-button\" data-id=\"f36cd87\" data-element_type=\"widget\" data-widget_type=\"button.default\">\n\t\t\t\t<div class=\"elementor-widget-container\">\n\t\t\t\t\t<div class=\"elementor-button-wrapper\">\n\t\t\t<a class=\"elementor-button elementor-button-link elementor-size-sm\" href=\"https:\/\/new.puxles.com\/\">\n\t\t\t\t\t\t<span class=\"elementor-button-content-wrapper\">\n\t\t\t\t\t\t<span class=\"elementor-button-icon elementor-align-icon-left\">\n\t\t\t\t<svg aria-hidden=\"true\" class=\"e-font-icon-svg e-fas-arrow-left\" viewbox=\"0 0 448 512\" xmlns=\"http:\/\/www.w3.org\/2000\/svg\"><path d=\"M257.5 445.1l-22.2 22.2c-9.4 9.4-24.6 9.4-33.9 0L7 273c-9.4-9.4-9.4-24.6 0-33.9L201.4 44.7c9.4-9.4 24.6-9.4 33.9 0l22.2 22.2c9.5 9.5 9.3 25-.4 34.3L136.6 216H424c13.3 0 24 10.7 24 24v32c0 13.3-10.7 24-24 24H136.6l120.5 114.8c9.8 9.3 10 24.8.4 34.3z\"><\/path><\/svg>\t\t\t<\/span>\n\t\t\t\t\t\t<span class=\"elementor-button-text\"><\/span>\n\t\t<\/span>\n\t\t\t\t\t<\/a>\n\t\t<\/div>\n\t\t\t\t<\/div>\n\t\t\t\t<\/div>\n\t\t\t\t<\/div>\n\t\t<div class=\"elementor-element elementor-element-c4584c1 e-con-full e-flex e-con e-child\" data-id=\"c4584c1\" data-element_type=\"container\" data-settings=\"{&quot;content_width&quot;:&quot;full&quot;}\">\n\t\t\t\t<div class=\"elementor-element elementor-element-76b7722 elementor-widget elementor-widget-heading\" data-id=\"76b7722\" data-element_type=\"widget\" data-widget_type=\"heading.default\">\n\t\t\t\t<div class=\"elementor-widget-container\">\n\t\t\t<style>\/*! elementor - v3.18.0 - 20-12-2023 *\/\n.elementor-heading-title{padding:0;margin:0;line-height:1}.elementor-widget-heading .elementor-heading-title[class*=elementor-size-]>a{color:inherit;font-size:inherit;line-height:inherit}.elementor-widget-heading .elementor-heading-title.elementor-size-small{font-size:15px}.elementor-widget-heading .elementor-heading-title.elementor-size-medium{font-size:19px}.elementor-widget-heading .elementor-heading-title.elementor-size-large{font-size:29px}.elementor-widget-heading .elementor-heading-title.elementor-size-xl{font-size:39px}.elementor-widget-heading .elementor-heading-title.elementor-size-xxl{font-size:59px}<\/style><h1 class=\"elementor-heading-title elementor-size-default\">Servicios Puxles<\/h1>\t\t<\/div>\n\t\t\t\t<\/div>\n\t\t\t\t<\/div>\n\t\t\t\t\t<\/div>\n\t\t\t\t<\/div>\n\t\t<div class=\"elementor-element elementor-element-13555a4 e-flex e-con-boxed e-con e-parent\" data-id=\"13555a4\" data-element_type=\"container\" data-settings=\"{&quot;content_width&quot;:&quot;boxed&quot;}\" data-core-v316-plus=\"true\">\n\t\t\t\t\t<div class=\"e-con-inner\">\n\t\t\t\t\t<\/div>\n\t\t\t\t<\/div>\n\t\t<div class=\"elementor-element elementor-element-adcc605 e-flex e-con-boxed e-con e-parent\" data-id=\"adcc605\" data-element_type=\"container\" data-settings=\"{&quot;content_width&quot;:&quot;boxed&quot;}\" data-core-v316-plus=\"true\">\n\t\t\t\t\t<div class=\"e-con-inner\">\n\t\t\t\t<div class=\"elementor-element elementor-element-4bce11d elementor-widget__width-initial elementor-widget elementor-widget-text-editor\" data-id=\"4bce11d\" data-element_type=\"widget\" data-widget_type=\"text-editor.default\">\n\t\t\t\t<div class=\"elementor-widget-container\">\n\t\t\t<style>\/*! elementor - v3.18.0 - 20-12-2023 *\/\n.elementor-widget-text-editor.elementor-drop-cap-view-stacked .elementor-drop-cap{background-color:#69727d;color:#fff}.elementor-widget-text-editor.elementor-drop-cap-view-framed .elementor-drop-cap{color:#69727d;border:3px solid;background-color:transparent}.elementor-widget-text-editor:not(.elementor-drop-cap-view-default) .elementor-drop-cap{margin-top:8px}.elementor-widget-text-editor:not(.elementor-drop-cap-view-default) .elementor-drop-cap-letter{width:1em;height:1em}.elementor-widget-text-editor .elementor-drop-cap{float:left;text-align:center;line-height:1;font-size:50px}.elementor-widget-text-editor .elementor-drop-cap-letter{display:inline-block}<\/style>\t\t\t\t<p>Las ideas para desarrollar tu negocio son desarrolladas<br \/>como lo necesitas y con la mejor tecnolog\u00eda<\/p>\t\t\t\t\t\t<\/div>\n\t\t\t\t<\/div>\n\t\t\t\t\t<\/div>\n\t\t\t\t<\/div>\n\t\t<div class=\"elementor-element elementor-element-d963e3a e-flex e-con-boxed e-con e-parent\" data-id=\"d963e3a\" data-element_type=\"container\" data-settings=\"{&quot;content_width&quot;:&quot;boxed&quot;}\" data-core-v316-plus=\"true\">\n\t\t\t\t\t<div class=\"e-con-inner\">\n\t\t\t\t\t<\/div>\n\t\t\t\t<\/div>\n\t\t<div class=\"elementor-element elementor-element-19bc92b e-flex e-con-boxed e-con e-parent\" data-id=\"19bc92b\" data-element_type=\"container\" data-settings=\"{&quot;content_width&quot;:&quot;boxed&quot;}\" data-core-v316-plus=\"true\">\n\t\t\t\t\t<div class=\"e-con-inner\">\n\t\t<div class=\"elementor-element elementor-element-6fa08ec e-con-full e-flex e-con e-child\" data-id=\"6fa08ec\" data-element_type=\"container\" data-settings=\"{&quot;content_width&quot;:&quot;full&quot;}\">\n\t\t\t\t<div class=\"elementor-element elementor-element-50095f4 elementor-widget elementor-widget-html\" data-id=\"50095f4\" data-element_type=\"widget\" data-widget_type=\"html.default\">\n\t\t\t\t<div class=\"elementor-widget-container\">\n\t\t\t<!DOCTYPE html>\n<html lang=\"es\">\n<head>\n  <meta charset=\"UTF-8\">\n  <meta name=\"viewport\" content=\"width=device-width, initial-scale=1.0\">\n  <link href='https:\/\/fonts.googleapis.com\/css?family=Montserrat' rel='stylesheet'>\n  <style >\n    :root{\n      --font-family-tab-button: 'Montserrat';\n    }\n  \n\n    .tabs-container {\n        \n      display: flex;\n      flex-direction: column;\n      width: 100%;\n    }\n\n    .tab-button {\n\n      font-family: var(--font-family-tab-button);\n      \n      font-size: 25px;\n      \/* 380 x 124 px *\/\n      height: 122px;\n      width: 100%;\n      max-width: 450px;\n      padding: 10px;\n      margin-bottom: 20px !important;\n      cursor: pointer;\n      background-color: #fff;\n      color: black;\n      border: none;\n      border-radius: 5px;\n      text-align: left;\n\n      \/* box shadow desde arriba *\/\n      box-shadow: 0px 2px 5px rgba(0, 0, 0, 0.2);\n\n\n      transition: all 0.3s ease;\n      background-repeat: no-repeat; \/* Evitar que la imagen se repita *\/\n      background-position: left center; \/* Posici\u00f3n de la imagen *\/\n      background-position-x: 15px;\n      padding-left: 3.8em !important;\n      background-size: 2.2em;\n      \n    }\n    \n    @media screen and (min-width: 768px) {\n    .tab-button {\n        font-size: 26px; \n        \n    }\n}\n\n@media screen and (min-width: 1024px) {\n    .tab-button {\n        font-size: 35px; \/* Tama\u00f1o de fuente para pantallas grandes *\/\n    }\n}\n\n    #tab-button1 {\n      background-image: url('https:\/\/new.puxles.com\/wp-content\/uploads\/2024\/01\/Vector.png'); \/* URL de la imagen *\/\n    }\n    #tab-button1.active {\n      background-image: url('https:\/\/new.puxles.com\/wp-content\/uploads\/2024\/01\/Vector-5.png');\n      background-size: 61px 78px;\n    }\n    #tab-button2 {\n      background-image: url('https:\/\/new.puxles.com\/wp-content\/uploads\/2024\/01\/nube-Stroke.png');\n    }\n    #tab-button2.active {\n      background-image: url('https:\/\/new.puxles.com\/wp-content\/uploads\/2024\/01\/nube-Stroke-1.png');\n    }\n    #tab-button3 {\n      background-image: url('https:\/\/new.puxles.com\/wp-content\/uploads\/2024\/01\/Group-178.png');\n    }\n    #tab-button3.active {\n      background-image: url('https:\/\/new.puxles.com\/wp-content\/uploads\/2024\/02\/Group-178.png');\n    }\n    #tab-button4 {\n      background-image: url('https:\/\/new.puxles.com\/wp-content\/uploads\/2024\/01\/Vector-2.png');\n    }\n    #tab-button4.active {\n      background-image: url('https:\/\/new.puxles.com\/wp-content\/uploads\/2024\/02\/Vector.png');\n    }\n\n\n    .tab-button.active {\n      background-color: #3498db !important;\n      color: #fff;\n    }\n\n    .tab-button:hover {\n      box-shadow: 0px 2px 5px rgba(0, 0, 0, 0.5);\n      background-color: white;\n      color: black;\n    }\n\n    .tab-button.active:hover {\n    \n      background-color: #39a6f0;\n      color: #fff;\n    }\n\n  <\/style>\n<\/head>\n<body>\n\n<!-- Contenedor de pesta\u00f1as -->\n<div class=\"tabs-container\">\n\n  <!-- Bot\u00f3n de Arrendamiento de Software -->\n  <button id =\"tab-button1\" class=\"tab-button active\" >Aplicaciones\nm\u00f3viles<\/button>\n  <button id =\"tab-button2\" class=\"tab-button\" >Arrendamiento de Software<\/button>\n  <button id =\"tab-button3\" class=\"tab-button\" >F\u00e1brica de\nsoftware<\/button>\n  <button id =\"tab-button4\" class=\"tab-button\" >Consultor\u00eda\ntecnol\u00f3gica<\/button>\n\n<\/div>\n\n<script>\n  activeId = 1;\n  function showTab2(tabId) {\n    activeButton = document.querySelector('.tab-button.active');\n    activeTab = document.querySelector('.tab-content.active');\n\n    activeButton.classList.remove('active');\n    activeTab.classList.remove('active');\n    \n    event.target.classList.add('active');\n    document.getElementById('tab' + tabId).classList.add('active');\n    \n    activeId = tabId;\n\n  }\n  \/\/ agregar el evento click a cada boton\n  document.getElementById('tab-button1').addEventListener('click', ()=>{\n      showTab2('1');\n    })\n    document.getElementById('tab-button2').addEventListener('click', ()=>{\n      showTab2('2');\n    })\n    document.getElementById('tab-button3').addEventListener('click', ()=>{\n      showTab2('3');\n    })\n    document.getElementById('tab-button4').addEventListener('click', ()=>{\n      showTab2('4');\n    })\n\n    document.getElementById('tab-button1').classList.add('active');\n  \n\n<\/script>\n\n<\/body>\n<\/html>\t\t<\/div>\n\t\t\t\t<\/div>\n\t\t\t\t<\/div>\n\t\t<div class=\"elementor-element elementor-element-6d5cffb e-con-full e-flex e-con e-child\" data-id=\"6d5cffb\" data-element_type=\"container\" data-settings=\"{&quot;content_width&quot;:&quot;full&quot;}\">\n\t\t\t\t<div class=\"elementor-element elementor-element-56f441b elementor-widget elementor-widget-html\" data-id=\"56f441b\" data-element_type=\"widget\" data-widget_type=\"html.default\">\n\t\t\t\t<div class=\"elementor-widget-container\">\n\t\t\t<!DOCTYPE html>\n<html lang=\"es\">\n<head>\n  <meta charset=\"UTF-8\">\n  <meta name=\"viewport\" content=\"width=device-width, initial-scale=1.0\">\n  <link href='https:\/\/fonts.googleapis.com\/css?family=Mulish' rel='stylesheet'>\n  <style>\n    body {\n      font-family: Mulish;\n      font-size: 19px;\n      color: black;\n      background-color: #fff; \/* Fondo blanco *\/\n      margin: 0; \/* Elimina el margen predeterminado del body *\/\n    }\n\n    .tab-content {\n      padding: 10px;\n      border: 0px solid #ddd;\n      border-radius: 5px;\n      display: none;\n      \n    }\n    \n    .tab-content.active {\n      display: block;\n    }\n\n    .tab-content p{\n      margin-top: 30px;\n      margin-left: 60px;\n    }\n\n    .tab-content p::before {\n      content: \"\";\n      position: absolute;\n      left: 10px;\n      border: 0px solid #ddd;\n      display: inline-block;\n      width: 31px; \n      height: 24px !important; \n      \n      background-image: url('https:\/\/new.puxles.com\/wp-content\/uploads\/2024\/01\/Vector-Stroke.png');\n      background-repeat: no-repeat; \n      scale: 0.6;\n    }\n\n  <\/style>\n<\/head>\n<body>\n\n<div id=\"tab1\" class=\"tab-content active\">\n  <p> Desarrollamos esa aplicaci\u00f3n que siempre has querido, usando tecnolog\u00edas que permiten tenerla en dispositivos Android e iOS.<\/p>\n  <p> Contamos coon un equipo de dise\u00f1adores para que tu aplicaci\u00f3n sea lo m\u00e1s atractiva posible.<\/p>\n  <p> Nuestros desarrollos son pensados de forma escalable y f\u00e1ciles de usar al p\u00fablico general.<\/p>\n  <p> Utilizamos los framework m\u00e1s modernos para el desarrollo de aplicaciones, incluyendo Flutter, React Native, Kotlin, Swift, entre otros.<\/p>\n  <p> Especificaciones de API estables: JMS, JCA, JSF, JPA, Servlets, JSP, EJB, Lucene, SOAP, Restful.<\/p>\n<\/div>\n\n<!-- Content for the Software Leasing button -->\n<div id=\"tab2\" class=\"tab-content\">\n  <p> Software en l\u00ednea: Soluciones software accedidas desde internet y disponibles desde cualquier lugar.<\/p>\n  <p> Brindamos soluciones que te permiten pagar por el tiempo que lo usas, liberandote de la administraci\u00f3n de la infraestructura hardware<\/p>\n  <p> Utilizamos los mejores proveedores de cloud que permiten el escalamiento de los servicios (AWS, Microsoft Azure Cloud, Google Cloud.)<\/p>\n  <p> Construimos esa soluci\u00f3n que te permite facturar de forma recurrente a tus clientes (SaaS: Software como servicio.)<\/p>\n<\/div>\n\n<!-- Content for the Software Factory button -->\n<div id=\"tab3\" class=\"tab-content\">\n  <p> Aplicamos estandares internacionales en la construcci\u00f3n de soluciones software (GIT, Docker, Cloud, Jenkins, entre otros.)<\/p>\n  <p> Buscamos la mejor manera en comprender tu idea y convertirla en ese sistema que ayuda a optimizar tus procesos.<\/p>\n  <p> Tenemos experiencia en cualquier tecnolog\u00eda o lenguaje que necesites, como Java, Python, Node, Flutter, Angular, Vue, React, entre otros.<\/p>\n  <p> Usamos integraci\u00f3n continua (CI) y despliegue continuo (CD)  en la construcci\u00f3n de un proyecto software.<\/p>\n  <p> Aplicamos metodolog\u00edas \u00e1giles para que el producto software cumpla tus expectativas en el menor tiempo posible.<\/p>\n<\/div>\n\n<!-- Content for the Technological Consulting button -->\n<div id=\"tab4\" class=\"tab-content\">\n  <p> Los a\u00f1os de experiencia nos han permitido acortar el camino y transferir el conocimiento de forma r\u00e1pida a nuestros clientes.<\/p>\n  <p> Estamos capacitados para guiarte en el desarrollo del plan estrat\u00e9gico de tecnolog\u00eda de la informaci\u00f3n (PETI) y ayudarte a implementarlos.<\/p>\n  <p> Brindamos constultor\u00eda en la viabilidad t\u00e9cnica y financiera de los productos software que deseas crear o modernizar.<\/p>\n  <p> Contamos con profesionales certificado en PMI, Scrum, proveedores Cloud (AWS), tecnolog\u00edas geogr\u00e1ficas (ArcGis), entre otros.<\/p>\n<\/div>\n\n\n<script>\n  \/\/ Puedes conectar este script con la funci\u00f3n showTab que ya proporcionaste anteriormente\n  function showTab(tabId) {\n    \/\/ Oculta todos los contenidos\n    var tabs = document.getElementsByClassName('tab-content');\n    for (var i = 0; i < tabs.length; i++) {\n      tabs[i].classList.remove('active');\n    }\n\n    \/\/ Muestra el contenido asociado a la pesta\u00f1a clicada\n    document.getElementById(tabId).classList.add('active');\n  }\n<\/script>\n\n<\/body>\n<\/html>\n\t\t<\/div>\n\t\t\t\t<\/div>\n\t\t\t\t<\/div>\n\t\t\t\t\t<\/div>\n\t\t\t\t<\/div>\n\t\t<div class=\"elementor-element elementor-element-dac6162 e-flex e-con-boxed e-con e-parent\" data-id=\"dac6162\" data-element_type=\"container\" data-settings=\"{&quot;content_width&quot;:&quot;boxed&quot;}\" data-core-v316-plus=\"true\">\n\t\t\t\t\t<div class=\"e-con-inner\">\n\t\t\t\t<div class=\"elementor-element elementor-element-4e19d44 elementor-widget elementor-widget-spacer\" data-id=\"4e19d44\" data-element_type=\"widget\" data-widget_type=\"spacer.default\">\n\t\t\t\t<div class=\"elementor-widget-container\">\n\t\t\t<style>\/*! elementor - v3.18.0 - 20-12-2023 *\/\n.elementor-column .elementor-spacer-inner{height:var(--spacer-size)}.e-con{--container-widget-width:100%}.e-con-inner>.elementor-widget-spacer,.e-con>.elementor-widget-spacer{width:var(--container-widget-width,var(--spacer-size));--align-self:var(--container-widget-align-self,initial);--flex-shrink:0}.e-con-inner>.elementor-widget-spacer>.elementor-widget-container,.e-con>.elementor-widget-spacer>.elementor-widget-container{height:100%;width:100%}.e-con-inner>.elementor-widget-spacer>.elementor-widget-container>.elementor-spacer,.e-con>.elementor-widget-spacer>.elementor-widget-container>.elementor-spacer{height:100%}.e-con-inner>.elementor-widget-spacer>.elementor-widget-container>.elementor-spacer>.elementor-spacer-inner,.e-con>.elementor-widget-spacer>.elementor-widget-container>.elementor-spacer>.elementor-spacer-inner{height:var(--container-widget-height,var(--spacer-size))}.e-con-inner>.elementor-widget-spacer.elementor-widget-empty,.e-con>.elementor-widget-spacer.elementor-widget-empty{position:relative;min-height:22px;min-width:22px}.e-con-inner>.elementor-widget-spacer.elementor-widget-empty .elementor-widget-empty-icon,.e-con>.elementor-widget-spacer.elementor-widget-empty .elementor-widget-empty-icon{position:absolute;top:0;bottom:0;left:0;right:0;margin:auto;padding:0;width:22px;height:22px}<\/style>\t\t<div class=\"elementor-spacer\">\n\t\t\t<div class=\"elementor-spacer-inner\"><\/div>\n\t\t<\/div>\n\t\t\t\t<\/div>\n\t\t\t\t<\/div>\n\t\t\t\t\t<\/div>\n\t\t\t\t<\/div>\n\t\t\t\t\t\t\t<\/div>","protected":false},"excerpt":{"rendered":"<p>Services Puxles The ideas to develop your business are developedas you need them and with the best technology Mobile Applications Software Leasing Software factory Technology consulting We develop that application you&#8217;ve always wanted, using technologies that allow it to be available on Android and iOS devices. We have a team of designers to make your [&hellip;]<\/p>","protected":false},"author":1,"featured_media":0,"parent":0,"menu_order":0,"comment_status":"closed","ping_status":"closed","template":"","meta":{"_monsterinsights_skip_tracking":false,"_monsterinsights_sitenote_active":false,"_monsterinsights_sitenote_note":"","_monsterinsights_sitenote_category":0,"site-sidebar-layout":"no-sidebar","site-content-layout":"page-builder","ast-site-content-layout":"full-width-container","site-content-style":"default","site-sidebar-style":"default","ast-global-header-display":"","ast-banner-title-visibility":"","ast-main-header-display":"","ast-hfb-above-header-display":"","ast-hfb-below-header-display":"","ast-hfb-mobile-header-display":"","site-post-title":"disabled","ast-breadcrumbs-content":"","ast-featured-img":"disabled","footer-sml-layout":"","theme-transparent-header-meta":"","adv-header-id-meta":"","stick-header-meta":"","header-above-stick-meta":"","header-main-stick-meta":"","header-below-stick-meta":"","astra-migrate-meta-layouts":"set","ast-page-background-enabled":"default","ast-page-background-meta":{"desktop":{"background-color":"var(--ast-global-color-4)","background-image":"","background-repeat":"repeat","background-position":"center center","background-size":"auto","background-attachment":"scroll","background-type":"","background-media":"","overlay-type":"","overlay-color":"","overlay-gradient":""},"tablet":{"background-color":"","background-image":"","background-repeat":"repeat","background-position":"center center","background-size":"auto","background-attachment":"scroll","background-type":"","background-media":"","overlay-type":"","overlay-color":"","overlay-gradient":""},"mobile":{"background-color":"","background-image":"","background-repeat":"repeat","background-position":"center center","background-size":"auto","background-attachment":"scroll","background-type":"","background-media":"","overlay-type":"","overlay-color":"","overlay-gradient":""}},"ast-content-background-meta":{"desktop":{"background-color":"var(--ast-global-color-5)","background-image":"","background-repeat":"repeat","background-position":"center center","background-size":"auto","background-attachment":"scroll","background-type":"","background-media":"","overlay-type":"","overlay-color":"","overlay-gradient":""},"tablet":{"background-color":"var(--ast-global-color-5)","background-image":"","background-repeat":"repeat","background-position":"center center","background-size":"auto","background-attachment":"scroll","background-type":"","background-media":"","overlay-type":"","overlay-color":"","overlay-gradient":""},"mobile":{"background-color":"var(--ast-global-color-5)","background-image":"","background-repeat":"repeat","background-position":"center center","background-size":"auto","background-attachment":"scroll","background-type":"","background-media":"","overlay-type":"","overlay-color":"","overlay-gradient":""}},"footnotes":""},"class_list":["post-1727","page","type-page","status-publish","hentry"],"_links":{"self":[{"href":"https:\/\/puxles.com\/es\/wp-json\/wp\/v2\/pages\/1727","targetHints":{"allow":["GET"]}}],"collection":[{"href":"https:\/\/puxles.com\/es\/wp-json\/wp\/v2\/pages"}],"about":[{"href":"https:\/\/puxles.com\/es\/wp-json\/wp\/v2\/types\/page"}],"author":[{"embeddable":true,"href":"https:\/\/puxles.com\/es\/wp-json\/wp\/v2\/users\/1"}],"replies":[{"embeddable":true,"href":"https:\/\/puxles.com\/es\/wp-json\/wp\/v2\/comments?post=1727"}],"version-history":[{"count":418,"href":"https:\/\/puxles.com\/es\/wp-json\/wp\/v2\/pages\/1727\/revisions"}],"predecessor-version":[{"id":3674,"href":"https:\/\/puxles.com\/es\/wp-json\/wp\/v2\/pages\/1727\/revisions\/3674"}],"wp:attachment":[{"href":"https:\/\/puxles.com\/es\/wp-json\/wp\/v2\/media?parent=1727"}],"curies":[{"name":"wp","href":"https:\/\/api.w.org\/{rel}","templated":true}]}}