{"id":1731,"date":"2024-01-24T19:53:23","date_gmt":"2024-01-24T19:53:23","guid":{"rendered":"https:\/\/new.puxles.com\/?page_id=1731"},"modified":"2024-02-18T14:51:26","modified_gmt":"2024-02-18T19:51:26","slug":"proyectos","status":"publish","type":"page","link":"https:\/\/puxles.com\/es\/proyectos\/","title":{"rendered":"proyectos"},"content":{"rendered":"<div data-elementor-type=\"wp-page\" data-elementor-id=\"1731\" class=\"elementor elementor-1731\">\n\t\t\t\t\t\t\t<div class=\"elementor-element elementor-element-c56d8ce e-flex e-con-boxed e-con e-parent\" data-id=\"c56d8ce\" data-element_type=\"container\" data-settings=\"{&quot;content_width&quot;:&quot;boxed&quot;}\" data-core-v316-plus=\"true\">\n\t\t\t\t\t<div class=\"e-con-inner\">\n\t\t<div class=\"elementor-element elementor-element-e154419 e-con-full e-flex e-con e-child\" data-id=\"e154419\" data-element_type=\"container\" data-settings=\"{&quot;content_width&quot;:&quot;full&quot;}\">\n\t\t\t\t<div class=\"elementor-element elementor-element-e1b4ff4 elementor-widget elementor-widget-button\" data-id=\"e1b4ff4\" data-element_type=\"widget\" data-widget_type=\"button.default\">\n\t\t\t\t<div class=\"elementor-widget-container\">\n\t\t\t\t\t<div class=\"elementor-button-wrapper\">\n\t\t\t<a class=\"elementor-button elementor-button-link elementor-size-sm\" href=\"https:\/\/puxles.com\/es\/\">\n\t\t\t\t\t\t<span class=\"elementor-button-content-wrapper\">\n\t\t\t\t\t\t<span class=\"elementor-button-icon elementor-align-icon-left\">\n\t\t\t\t<svg aria-hidden=\"true\" class=\"e-font-icon-svg e-fas-arrow-left\" viewbox=\"0 0 448 512\" xmlns=\"http:\/\/www.w3.org\/2000\/svg\"><path d=\"M257.5 445.1l-22.2 22.2c-9.4 9.4-24.6 9.4-33.9 0L7 273c-9.4-9.4-9.4-24.6 0-33.9L201.4 44.7c9.4-9.4 24.6-9.4 33.9 0l22.2 22.2c9.5 9.5 9.3 25-.4 34.3L136.6 216H424c13.3 0 24 10.7 24 24v32c0 13.3-10.7 24-24 24H136.6l120.5 114.8c9.8 9.3 10 24.8.4 34.3z\"><\/path><\/svg>\t\t\t<\/span>\n\t\t\t\t\t\t<span class=\"elementor-button-text\"><\/span>\n\t\t<\/span>\n\t\t\t\t\t<\/a>\n\t\t<\/div>\n\t\t\t\t<\/div>\n\t\t\t\t<\/div>\n\t\t\t\t<\/div>\n\t\t<div class=\"elementor-element elementor-element-c13b41c e-con-full e-flex e-con e-child\" data-id=\"c13b41c\" data-element_type=\"container\" data-settings=\"{&quot;content_width&quot;:&quot;full&quot;}\">\n\t\t\t\t<div class=\"elementor-element elementor-element-56902cd elementor-widget elementor-widget-heading\" data-id=\"56902cd\" data-element_type=\"widget\" data-widget_type=\"heading.default\">\n\t\t\t\t<div class=\"elementor-widget-container\">\n\t\t\t<style>\/*! elementor - v3.18.0 - 20-12-2023 *\/\n.elementor-heading-title{padding:0;margin:0;line-height:1}.elementor-widget-heading .elementor-heading-title[class*=elementor-size-]>a{color:inherit;font-size:inherit;line-height:inherit}.elementor-widget-heading .elementor-heading-title.elementor-size-small{font-size:15px}.elementor-widget-heading .elementor-heading-title.elementor-size-medium{font-size:19px}.elementor-widget-heading .elementor-heading-title.elementor-size-large{font-size:29px}.elementor-widget-heading .elementor-heading-title.elementor-size-xl{font-size:39px}.elementor-widget-heading .elementor-heading-title.elementor-size-xxl{font-size:59px}<\/style><h1 class=\"elementor-heading-title elementor-size-default\">Proyectos Puxles<\/h1>\t\t<\/div>\n\t\t\t\t<\/div>\n\t\t\t\t<\/div>\n\t\t\t\t\t<\/div>\n\t\t\t\t<\/div>\n\t\t<div class=\"elementor-element elementor-element-4b37f22 e-flex e-con-boxed e-con e-parent\" data-id=\"4b37f22\" data-element_type=\"container\" data-settings=\"{&quot;content_width&quot;:&quot;boxed&quot;}\" data-core-v316-plus=\"true\">\n\t\t\t\t\t<div class=\"e-con-inner\">\n\t\t\t\t\t<\/div>\n\t\t\t\t<\/div>\n\t\t<div class=\"elementor-element elementor-element-ff1b4a0 e-flex e-con-boxed e-con e-parent\" data-id=\"ff1b4a0\" data-element_type=\"container\" data-settings=\"{&quot;content_width&quot;:&quot;boxed&quot;}\" data-core-v316-plus=\"true\">\n\t\t\t\t\t<div class=\"e-con-inner\">\n\t\t\t\t<div class=\"elementor-element elementor-element-06de0fe elementor-widget__width-initial elementor-widget elementor-widget-text-editor\" data-id=\"06de0fe\" data-element_type=\"widget\" data-widget_type=\"text-editor.default\">\n\t\t\t\t<div class=\"elementor-widget-container\">\n\t\t\t<style>\/*! elementor - v3.18.0 - 20-12-2023 *\/\n.elementor-widget-text-editor.elementor-drop-cap-view-stacked .elementor-drop-cap{background-color:#69727d;color:#fff}.elementor-widget-text-editor.elementor-drop-cap-view-framed .elementor-drop-cap{color:#69727d;border:3px solid;background-color:transparent}.elementor-widget-text-editor:not(.elementor-drop-cap-view-default) .elementor-drop-cap{margin-top:8px}.elementor-widget-text-editor:not(.elementor-drop-cap-view-default) .elementor-drop-cap-letter{width:1em;height:1em}.elementor-widget-text-editor .elementor-drop-cap{float:left;text-align:center;line-height:1;font-size:50px}.elementor-widget-text-editor .elementor-drop-cap-letter{display:inline-block}<\/style>\t\t\t\t<p>Desarrollamos productos innovadores, manteniendo la simplicidad, buen dise\u00f1o\ny cubriendo todas las necesidades de gesti\u00f3n de informaci\u00f3n de nuestros clientes<\/p>\t\t\t\t\t\t<\/div>\n\t\t\t\t<\/div>\n\t\t\t\t\t<\/div>\n\t\t\t\t<\/div>\n\t\t<div class=\"elementor-element elementor-element-5306a87 e-flex e-con-boxed e-con e-parent\" data-id=\"5306a87\" data-element_type=\"container\" data-settings=\"{&quot;content_width&quot;:&quot;boxed&quot;}\" data-core-v316-plus=\"true\">\n\t\t\t\t\t<div class=\"e-con-inner\">\n\t\t<div class=\"elementor-element elementor-element-54ad3d2 e-flex e-con-boxed e-con e-child\" data-id=\"54ad3d2\" data-element_type=\"container\" data-settings=\"{&quot;content_width&quot;:&quot;boxed&quot;}\">\n\t\t\t\t\t<div class=\"e-con-inner\">\n\t\t<div class=\"elementor-element elementor-element-3f43e7f e-con-full e-flex e-con e-child\" data-id=\"3f43e7f\" data-element_type=\"container\" data-settings=\"{&quot;content_width&quot;:&quot;full&quot;}\">\n\t\t\t\t<div class=\"elementor-element elementor-element-b09f17b elementor-widget elementor-widget-text-editor\" data-id=\"b09f17b\" data-element_type=\"widget\" data-widget_type=\"text-editor.default\">\n\t\t\t\t<div class=\"elementor-widget-container\">\n\t\t\t\t\t\t\t<p>2014 \u2013 presente<\/p>\t\t\t\t\t\t<\/div>\n\t\t\t\t<\/div>\n\t\t\t\t<div class=\"elementor-element elementor-element-47c9799 elementor-widget elementor-widget-heading\" data-id=\"47c9799\" data-element_type=\"widget\" data-widget_type=\"heading.default\">\n\t\t\t\t<div class=\"elementor-widget-container\">\n\t\t\t<h5 class=\"elementor-heading-title elementor-size-default\">Sigol - Sistema de Informaci\u00f3n\nGeogr\u00e1fico para Oleoductos<\/h5>\t\t<\/div>\n\t\t\t\t<\/div>\n\t\t\t\t<div class=\"elementor-element elementor-element-657b2b2 elementor-widget elementor-widget-text-editor\" data-id=\"657b2b2\" data-element_type=\"widget\" data-widget_type=\"text-editor.default\">\n\t\t\t\t<div class=\"elementor-widget-container\">\n\t\t\t\t\t\t\t<p>Plataforma dise\u00f1ada para Oleoducto de los Llanos Orientales S.A. y Oleoducto Bicentenario de Colombia S.A.S\nEsta plataforma ha sido un\nproducto con un alto nivel de calidad y \u00fanico en su dise\u00f1o<\/p>\t\t\t\t\t\t<\/div>\n\t\t\t\t<\/div>\n\t\t\t\t<div class=\"elementor-element elementor-element-2d41058 elementor-widget elementor-widget-text-editor\" data-id=\"2d41058\" data-element_type=\"widget\" data-widget_type=\"text-editor.default\">\n\t\t\t\t<div class=\"elementor-widget-container\">\n\t\t\t\t\t\t\t<!DOCTYPE html>\n<html lang=\"es\">\n<head>\n    <meta charset=\"UTF-8\">\n    <meta name=\"viewport\" content=\"width=device-width, initial-scale=1.0\">\n    <title>Mi Sitio Web<\/title>\n    <style>\n        body {\n            font-family: Arial, sans-serif; \/* Puedes ajustar la fuente seg\u00fan tus preferencias *\/\n        }\n\n        \/* Estilo para el color del texto del enlace *\/\n        .ver-mas-btn {\n            color: #057DB0; \/* Cambia el color del texto seg\u00fan tus preferencias *\/\n            text-decoration: none;\n            font-weight: bold;\n        }\n    <\/style>\n<\/head>\n<body>\n\n<!-- Enlace \"Ver m\u00e1s\" -->\n<a href=\"https:\/\/puxles.com\/es\/sigol\/\" class=\"ver-mas-btn\">Ver m\u00e1s<\/a>\n\n<!-- M\u00e1s contenido de tu p\u00e1gina -->\n\n<\/body>\n<\/html>\t\t\t\t\t\t<\/div>\n\t\t\t\t<\/div>\n\t\t\t\t<\/div>\n\t\t<div class=\"elementor-element elementor-element-bf50ab3 e-con-full e-flex e-con e-child\" data-id=\"bf50ab3\" data-element_type=\"container\" data-settings=\"{&quot;content_width&quot;:&quot;full&quot;}\">\n\t\t\t\t<div class=\"elementor-element elementor-element-773b675 elementor-widget elementor-widget-image\" data-id=\"773b675\" data-element_type=\"widget\" data-widget_type=\"image.default\">\n\t\t\t\t<div class=\"elementor-widget-container\">\n\t\t\t<style>\/*! elementor - v3.18.0 - 20-12-2023 *\/\n.elementor-widget-image{text-align:center}.elementor-widget-image a{display:inline-block}.elementor-widget-image a img[src$=\".svg\"]{width:48px}.elementor-widget-image img{vertical-align:middle;display:inline-block}<\/style>\t\t\t\t\t\t\t\t\t\t\t\t<img fetchpriority=\"high\" decoding=\"async\" width=\"1024\" height=\"554\" src=\"https:\/\/puxles.com\/wp-content\/uploads\/2024\/02\/sigol-1-1024x554.png\" class=\"attachment-large size-large wp-image-3377\" alt=\"sigo mapa\" srcset=\"https:\/\/puxles.com\/wp-content\/uploads\/2024\/02\/sigol-1-1024x554.png 1024w, https:\/\/puxles.com\/wp-content\/uploads\/2024\/02\/sigol-1-300x162.png 300w, https:\/\/puxles.com\/wp-content\/uploads\/2024\/02\/sigol-1-768x416.png 768w, https:\/\/puxles.com\/wp-content\/uploads\/2024\/02\/sigol-1-18x10.png 18w, https:\/\/puxles.com\/wp-content\/uploads\/2024\/02\/sigol-1.png 1424w\" sizes=\"(max-width: 1024px) 100vw, 1024px\" \/>\t\t\t\t\t\t\t\t\t\t\t\t\t\t\t<\/div>\n\t\t\t\t<\/div>\n\t\t\t\t<\/div>\n\t\t\t\t\t<\/div>\n\t\t\t\t<\/div>\n\t\t\t\t\t<\/div>\n\t\t\t\t<\/div>\n\t\t<div class=\"elementor-element elementor-element-feda346 e-flex e-con-boxed e-con e-parent\" data-id=\"feda346\" data-element_type=\"container\" data-settings=\"{&quot;content_width&quot;:&quot;boxed&quot;}\" data-core-v316-plus=\"true\">\n\t\t\t\t\t<div class=\"e-con-inner\">\n\t\t<div class=\"elementor-element elementor-element-d042de7 e-flex e-con-boxed e-con e-child\" data-id=\"d042de7\" data-element_type=\"container\" data-settings=\"{&quot;content_width&quot;:&quot;boxed&quot;}\">\n\t\t\t\t\t<div class=\"e-con-inner\">\n\t\t<div class=\"elementor-element elementor-element-86c36c8 e-con-full e-flex e-con e-child\" data-id=\"86c36c8\" data-element_type=\"container\" data-settings=\"{&quot;content_width&quot;:&quot;full&quot;}\">\n\t\t\t\t<div class=\"elementor-element elementor-element-b0439fc elementor-widget elementor-widget-text-editor\" data-id=\"b0439fc\" data-element_type=\"widget\" data-widget_type=\"text-editor.default\">\n\t\t\t\t<div class=\"elementor-widget-container\">\n\t\t\t\t\t\t\t<p>2020 \u2013 presente<\/p>\t\t\t\t\t\t<\/div>\n\t\t\t\t<\/div>\n\t\t\t\t<div class=\"elementor-element elementor-element-8578fd6 elementor-widget elementor-widget-heading\" data-id=\"8578fd6\" data-element_type=\"widget\" data-widget_type=\"heading.default\">\n\t\t\t\t<div class=\"elementor-widget-container\">\n\t\t\t<h5 class=\"elementor-heading-title elementor-size-default\">BINSTARH - Salud y Bienestar Hoy<\/h5>\t\t<\/div>\n\t\t\t\t<\/div>\n\t\t\t\t<div class=\"elementor-element elementor-element-b042710 elementor-widget elementor-widget-text-editor\" data-id=\"b042710\" data-element_type=\"widget\" data-widget_type=\"text-editor.default\">\n\t\t\t\t<div class=\"elementor-widget-container\">\n\t\t\t\t\t\t\t<p>Plataforma de software web dise\u00f1ada para empresas prestadoras de\nsalud (IPS) de todos los niveles. Permite la administraci\u00f3n eficaz y segura de la informaci\u00f3n de los pacientes as\u00ed como una adecuada facturaci\u00f3n.<\/p>\t\t\t\t\t\t<\/div>\n\t\t\t\t<\/div>\n\t\t\t\t<div class=\"elementor-element elementor-element-df884db elementor-widget elementor-widget-text-editor\" data-id=\"df884db\" data-element_type=\"widget\" data-widget_type=\"text-editor.default\">\n\t\t\t\t<div class=\"elementor-widget-container\">\n\t\t\t\t\t\t\t<!DOCTYPE html>\n<html lang=\"es\">\n<head>\n    <meta charset=\"UTF-8\">\n    <meta name=\"viewport\" content=\"width=device-width, initial-scale=1.0\">\n    <title>Mi Sitio Web<\/title>\n    <style>\n        body {\n            font-family: Arial, sans-serif; \/* Puedes ajustar la fuente seg\u00fan tus preferencias *\/\n        }\n\n        \/* Estilo para el color del texto del enlace *\/\n        .ver-mas-btn {\n            color: #057DB0; \/* Cambia el color del texto seg\u00fan tus preferencias *\/\n            text-decoration: none;\n            font-weight: bold;\n        }\n    <\/style>\n<\/head>\n<body>\n\n<!-- Enlace \"Ver m\u00e1s\" -->\n<a href=\"https:\/\/puxles.com\/es\/binstarh\/\" class=\"ver-mas-btn\">Ver m\u00e1s<\/a>\n\n<!-- M\u00e1s contenido de tu p\u00e1gina -->\n\n<\/body>\n<\/html>\n\t\t\t\t\t\t<\/div>\n\t\t\t\t<\/div>\n\t\t\t\t<\/div>\n\t\t<div class=\"elementor-element elementor-element-ea5833b e-con-full e-flex e-con e-child\" data-id=\"ea5833b\" data-element_type=\"container\" data-settings=\"{&quot;content_width&quot;:&quot;full&quot;}\">\n\t\t\t\t<div class=\"elementor-element elementor-element-ed93a56 elementor-widget elementor-widget-image\" data-id=\"ed93a56\" data-element_type=\"widget\" data-widget_type=\"image.default\">\n\t\t\t\t<div class=\"elementor-widget-container\">\n\t\t\t\t\t\t\t\t\t\t\t\t\t\t\t<img decoding=\"async\" width=\"930\" height=\"645\" src=\"https:\/\/puxles.com\/wp-content\/uploads\/2024\/01\/imagen-1.png\" class=\"attachment-large size-large wp-image-1374\" alt=\"binstarh home\" srcset=\"https:\/\/puxles.com\/wp-content\/uploads\/2024\/01\/imagen-1.png 930w, https:\/\/puxles.com\/wp-content\/uploads\/2024\/01\/imagen-1-300x208.png 300w, https:\/\/puxles.com\/wp-content\/uploads\/2024\/01\/imagen-1-768x533.png 768w\" sizes=\"(max-width: 930px) 100vw, 930px\" \/>\t\t\t\t\t\t\t\t\t\t\t\t\t\t\t<\/div>\n\t\t\t\t<\/div>\n\t\t\t\t<\/div>\n\t\t\t\t\t<\/div>\n\t\t\t\t<\/div>\n\t\t\t\t\t<\/div>\n\t\t\t\t<\/div>\n\t\t<div class=\"elementor-element elementor-element-fe9c0df e-flex e-con-boxed e-con e-parent\" data-id=\"fe9c0df\" data-element_type=\"container\" data-settings=\"{&quot;content_width&quot;:&quot;boxed&quot;}\" data-core-v316-plus=\"true\">\n\t\t\t\t\t<div class=\"e-con-inner\">\n\t\t<div class=\"elementor-element elementor-element-dc32659 e-flex e-con-boxed e-con e-child\" data-id=\"dc32659\" data-element_type=\"container\" data-settings=\"{&quot;content_width&quot;:&quot;boxed&quot;}\">\n\t\t\t\t\t<div class=\"e-con-inner\">\n\t\t<div class=\"elementor-element elementor-element-0d5df87 e-con-full e-flex e-con e-child\" data-id=\"0d5df87\" data-element_type=\"container\" data-settings=\"{&quot;content_width&quot;:&quot;full&quot;}\">\n\t\t\t\t<div class=\"elementor-element elementor-element-f039fa4 elementor-widget elementor-widget-text-editor\" data-id=\"f039fa4\" data-element_type=\"widget\" data-widget_type=\"text-editor.default\">\n\t\t\t\t<div class=\"elementor-widget-container\">\n\t\t\t\t\t\t\t<p>2020 \u2013 presente<\/p>\t\t\t\t\t\t<\/div>\n\t\t\t\t<\/div>\n\t\t\t\t<div class=\"elementor-element elementor-element-591f1f4 elementor-widget elementor-widget-heading\" data-id=\"591f1f4\" data-element_type=\"widget\" data-widget_type=\"heading.default\">\n\t\t\t\t<div class=\"elementor-widget-container\">\n\t\t\t<h5 class=\"elementor-heading-title elementor-size-default\">Datamain E&P<\/h5>\t\t<\/div>\n\t\t\t\t<\/div>\n\t\t\t\t<div class=\"elementor-element elementor-element-0624dd5 elementor-widget elementor-widget-text-editor\" data-id=\"0624dd5\" data-element_type=\"widget\" data-widget_type=\"text-editor.default\">\n\t\t\t\t<div class=\"elementor-widget-container\">\n\t\t\t\t\t\t\t<p>Plataforma tecnol\u00f3gica orientada al sector petrolero, es una soluci\u00f3n portable, escalable y segura para gestionar toda la informaci\u00f3n t\u00e9cnica E&amp;P y\nadministrativa de su organizaci\u00f3n.<\/p>\t\t\t\t\t\t<\/div>\n\t\t\t\t<\/div>\n\t\t\t\t<div class=\"elementor-element elementor-element-756ff7e elementor-widget elementor-widget-text-editor\" data-id=\"756ff7e\" data-element_type=\"widget\" data-widget_type=\"text-editor.default\">\n\t\t\t\t<div class=\"elementor-widget-container\">\n\t\t\t\t\t\t\t<!DOCTYPE html>\n<html lang=\"es\">\n<head>\n    <meta charset=\"UTF-8\">\n    <meta name=\"viewport\" content=\"width=device-width, initial-scale=1.0\">\n    <title>Mi Sitio Web<\/title>\n    <style>\n        body {\n            font-family: Arial, sans-serif; \/* Puedes ajustar la fuente seg\u00fan tus preferencias *\/\n        }\n\n        \/* Estilo para el color del texto del enlace *\/\n        .ver-mas-btn {\n            color: #057DB0; \/* Cambia el color del texto seg\u00fan tus preferencias *\/\n            text-decoration: none;\n            font-weight: bold;\n        }\n    <\/style>\n<\/head>\n<body>\n\n<!-- Enlace \"Ver m\u00e1s\" -->\n<a href=\"https:\/\/puxles.com\/es\/datamain\/\" class=\"ver-mas-btn\">Ver m\u00e1s<\/a>\n\n<!-- M\u00e1s contenido de tu p\u00e1gina -->\n\n<\/body>\n<\/html>\n\t\t\t\t\t\t<\/div>\n\t\t\t\t<\/div>\n\t\t\t\t<div class=\"elementor-element elementor-element-f6aad5a elementor-widget elementor-widget-text-editor\" data-id=\"f6aad5a\" data-element_type=\"widget\" data-widget_type=\"text-editor.default\">\n\t\t\t\t<div class=\"elementor-widget-container\">\n\t\t\t\t\t\t\t\t\t\t\t\t\t<\/div>\n\t\t\t\t<\/div>\n\t\t\t\t<\/div>\n\t\t<div class=\"elementor-element elementor-element-8ad59ba e-con-full e-flex e-con e-child\" data-id=\"8ad59ba\" data-element_type=\"container\" data-settings=\"{&quot;content_width&quot;:&quot;full&quot;}\">\n\t\t\t\t<div class=\"elementor-element elementor-element-e412c2d elementor-widget elementor-widget-image\" data-id=\"e412c2d\" data-element_type=\"widget\" data-widget_type=\"image.default\">\n\t\t\t\t<div class=\"elementor-widget-container\">\n\t\t\t\t\t\t\t\t\t\t\t\t\t\t\t<img decoding=\"async\" width=\"986\" height=\"487\" src=\"https:\/\/puxles.com\/wp-content\/uploads\/2024\/02\/nuevaDemain.jpg\" class=\"attachment-large size-large wp-image-3363\" alt=\"datamain home\" srcset=\"https:\/\/puxles.com\/wp-content\/uploads\/2024\/02\/nuevaDemain.jpg 986w, https:\/\/puxles.com\/wp-content\/uploads\/2024\/02\/nuevaDemain-300x148.jpg 300w, https:\/\/puxles.com\/wp-content\/uploads\/2024\/02\/nuevaDemain-768x379.jpg 768w, https:\/\/puxles.com\/wp-content\/uploads\/2024\/02\/nuevaDemain-18x9.jpg 18w\" sizes=\"(max-width: 986px) 100vw, 986px\" \/>\t\t\t\t\t\t\t\t\t\t\t\t\t\t\t<\/div>\n\t\t\t\t<\/div>\n\t\t\t\t<\/div>\n\t\t\t\t\t<\/div>\n\t\t\t\t<\/div>\n\t\t\t\t\t<\/div>\n\t\t\t\t<\/div>\n\t\t<div class=\"elementor-element elementor-element-3ed5fdc e-flex e-con-boxed e-con e-parent\" data-id=\"3ed5fdc\" data-element_type=\"container\" data-settings=\"{&quot;content_width&quot;:&quot;boxed&quot;}\" data-core-v316-plus=\"true\">\n\t\t\t\t\t<div class=\"e-con-inner\">\n\t\t\t\t<div class=\"elementor-element elementor-element-32935ca elementor-widget elementor-widget-spacer\" data-id=\"32935ca\" data-element_type=\"widget\" data-widget_type=\"spacer.default\">\n\t\t\t\t<div class=\"elementor-widget-container\">\n\t\t\t<style>\/*! elementor - v3.18.0 - 20-12-2023 *\/\n.elementor-column .elementor-spacer-inner{height:var(--spacer-size)}.e-con{--container-widget-width:100%}.e-con-inner>.elementor-widget-spacer,.e-con>.elementor-widget-spacer{width:var(--container-widget-width,var(--spacer-size));--align-self:var(--container-widget-align-self,initial);--flex-shrink:0}.e-con-inner>.elementor-widget-spacer>.elementor-widget-container,.e-con>.elementor-widget-spacer>.elementor-widget-container{height:100%;width:100%}.e-con-inner>.elementor-widget-spacer>.elementor-widget-container>.elementor-spacer,.e-con>.elementor-widget-spacer>.elementor-widget-container>.elementor-spacer{height:100%}.e-con-inner>.elementor-widget-spacer>.elementor-widget-container>.elementor-spacer>.elementor-spacer-inner,.e-con>.elementor-widget-spacer>.elementor-widget-container>.elementor-spacer>.elementor-spacer-inner{height:var(--container-widget-height,var(--spacer-size))}.e-con-inner>.elementor-widget-spacer.elementor-widget-empty,.e-con>.elementor-widget-spacer.elementor-widget-empty{position:relative;min-height:22px;min-width:22px}.e-con-inner>.elementor-widget-spacer.elementor-widget-empty .elementor-widget-empty-icon,.e-con>.elementor-widget-spacer.elementor-widget-empty .elementor-widget-empty-icon{position:absolute;top:0;bottom:0;left:0;right:0;margin:auto;padding:0;width:22px;height:22px}<\/style>\t\t<div class=\"elementor-spacer\">\n\t\t\t<div class=\"elementor-spacer-inner\"><\/div>\n\t\t<\/div>\n\t\t\t\t<\/div>\n\t\t\t\t<\/div>\n\t\t\t\t\t<\/div>\n\t\t\t\t<\/div>\n\t\t\t\t\t\t\t<\/div>","protected":false},"excerpt":{"rendered":"<p>Projects Puxles We develop innovative products, maintaining simplicity, good design, and covering all the information management needs of our clients. 2014 &#8211; present Sigol &#8211; Geographic Information System for Pipelines The platform designed for Oleoducto de los Llanos Orientales S.A. and Oleoducto Bicentenario de Colombia S.A.S. This platform has been a product with a high [&hellip;]<\/p>","protected":false},"author":1,"featured_media":0,"parent":0,"menu_order":0,"comment_status":"closed","ping_status":"closed","template":"","meta":{"_monsterinsights_skip_tracking":false,"_monsterinsights_sitenote_active":false,"_monsterinsights_sitenote_note":"","_monsterinsights_sitenote_category":0,"site-sidebar-layout":"no-sidebar","site-content-layout":"page-builder","ast-site-content-layout":"full-width-container","site-content-style":"default","site-sidebar-style":"default","ast-global-header-display":"","ast-banner-title-visibility":"","ast-main-header-display":"","ast-hfb-above-header-display":"","ast-hfb-below-header-display":"","ast-hfb-mobile-header-display":"","site-post-title":"disabled","ast-breadcrumbs-content":"","ast-featured-img":"disabled","footer-sml-layout":"","theme-transparent-header-meta":"","adv-header-id-meta":"","stick-header-meta":"","header-above-stick-meta":"","header-main-stick-meta":"","header-below-stick-meta":"","astra-migrate-meta-layouts":"set","ast-page-background-enabled":"default","ast-page-background-meta":{"desktop":{"background-color":"var(--ast-global-color-4)","background-image":"","background-repeat":"repeat","background-position":"center center","background-size":"auto","background-attachment":"scroll","background-type":"","background-media":"","overlay-type":"","overlay-color":"","overlay-gradient":""},"tablet":{"background-color":"","background-image":"","background-repeat":"repeat","background-position":"center center","background-size":"auto","background-attachment":"scroll","background-type":"","background-media":"","overlay-type":"","overlay-color":"","overlay-gradient":""},"mobile":{"background-color":"","background-image":"","background-repeat":"repeat","background-position":"center center","background-size":"auto","background-attachment":"scroll","background-type":"","background-media":"","overlay-type":"","overlay-color":"","overlay-gradient":""}},"ast-content-background-meta":{"desktop":{"background-color":"var(--ast-global-color-5)","background-image":"","background-repeat":"repeat","background-position":"center center","background-size":"auto","background-attachment":"scroll","background-type":"","background-media":"","overlay-type":"","overlay-color":"","overlay-gradient":""},"tablet":{"background-color":"var(--ast-global-color-5)","background-image":"","background-repeat":"repeat","background-position":"center center","background-size":"auto","background-attachment":"scroll","background-type":"","background-media":"","overlay-type":"","overlay-color":"","overlay-gradient":""},"mobile":{"background-color":"var(--ast-global-color-5)","background-image":"","background-repeat":"repeat","background-position":"center center","background-size":"auto","background-attachment":"scroll","background-type":"","background-media":"","overlay-type":"","overlay-color":"","overlay-gradient":""}},"footnotes":""},"class_list":["post-1731","page","type-page","status-publish","hentry"],"_links":{"self":[{"href":"https:\/\/puxles.com\/es\/wp-json\/wp\/v2\/pages\/1731","targetHints":{"allow":["GET"]}}],"collection":[{"href":"https:\/\/puxles.com\/es\/wp-json\/wp\/v2\/pages"}],"about":[{"href":"https:\/\/puxles.com\/es\/wp-json\/wp\/v2\/types\/page"}],"author":[{"embeddable":true,"href":"https:\/\/puxles.com\/es\/wp-json\/wp\/v2\/users\/1"}],"replies":[{"embeddable":true,"href":"https:\/\/puxles.com\/es\/wp-json\/wp\/v2\/comments?post=1731"}],"version-history":[{"count":107,"href":"https:\/\/puxles.com\/es\/wp-json\/wp\/v2\/pages\/1731\/revisions"}],"predecessor-version":[{"id":3694,"href":"https:\/\/puxles.com\/es\/wp-json\/wp\/v2\/pages\/1731\/revisions\/3694"}],"wp:attachment":[{"href":"https:\/\/puxles.com\/es\/wp-json\/wp\/v2\/media?parent=1731"}],"curies":[{"name":"wp","href":"https:\/\/api.w.org\/{rel}","templated":true}]}}