{"id":2156,"date":"2024-01-27T03:43:33","date_gmt":"2024-01-27T03:43:33","guid":{"rendered":"https:\/\/new.puxles.com\/?page_id=2156"},"modified":"2024-02-18T14:40:19","modified_gmt":"2024-02-18T19:40:19","slug":"sigol","status":"publish","type":"page","link":"https:\/\/puxles.com\/es\/sigol\/","title":{"rendered":"sigol"},"content":{"rendered":"<div data-elementor-type=\"wp-page\" data-elementor-id=\"2156\" class=\"elementor elementor-2156\">\n\t\t\t\t\t\t\t<div class=\"elementor-element elementor-element-18ed1c9 e-flex e-con-boxed e-con e-parent\" data-id=\"18ed1c9\" data-element_type=\"container\" data-settings=\"{&quot;content_width&quot;:&quot;boxed&quot;}\" data-core-v316-plus=\"true\">\n\t\t\t\t\t<div class=\"e-con-inner\">\n\t\t<div class=\"elementor-element elementor-element-09143f6 e-con-full e-flex e-con e-child\" data-id=\"09143f6\" data-element_type=\"container\" data-settings=\"{&quot;content_width&quot;:&quot;full&quot;}\">\n\t\t\t\t<div class=\"elementor-element elementor-element-8dc6d92 elementor-widget elementor-widget-button\" data-id=\"8dc6d92\" data-element_type=\"widget\" data-widget_type=\"button.default\">\n\t\t\t\t<div class=\"elementor-widget-container\">\n\t\t\t\t\t<div class=\"elementor-button-wrapper\">\n\t\t\t<a class=\"elementor-button elementor-button-link elementor-size-sm\" href=\"https:\/\/puxles.com\/es\/proyectos\/\">\n\t\t\t\t\t\t<span class=\"elementor-button-content-wrapper\">\n\t\t\t\t\t\t<span class=\"elementor-button-icon elementor-align-icon-left\">\n\t\t\t\t<svg aria-hidden=\"true\" class=\"e-font-icon-svg e-fas-arrow-left\" viewbox=\"0 0 448 512\" xmlns=\"http:\/\/www.w3.org\/2000\/svg\"><path d=\"M257.5 445.1l-22.2 22.2c-9.4 9.4-24.6 9.4-33.9 0L7 273c-9.4-9.4-9.4-24.6 0-33.9L201.4 44.7c9.4-9.4 24.6-9.4 33.9 0l22.2 22.2c9.5 9.5 9.3 25-.4 34.3L136.6 216H424c13.3 0 24 10.7 24 24v32c0 13.3-10.7 24-24 24H136.6l120.5 114.8c9.8 9.3 10 24.8.4 34.3z\"><\/path><\/svg>\t\t\t<\/span>\n\t\t\t\t\t\t<span class=\"elementor-button-text\"><\/span>\n\t\t<\/span>\n\t\t\t\t\t<\/a>\n\t\t<\/div>\n\t\t\t\t<\/div>\n\t\t\t\t<\/div>\n\t\t\t\t<\/div>\n\t\t<div class=\"elementor-element elementor-element-90f0530 e-con-full e-flex e-con e-child\" data-id=\"90f0530\" data-element_type=\"container\" data-settings=\"{&quot;content_width&quot;:&quot;full&quot;}\">\n\t\t\t\t<div class=\"elementor-element elementor-element-f6e74a5 elementor-widget elementor-widget-heading\" data-id=\"f6e74a5\" data-element_type=\"widget\" data-widget_type=\"heading.default\">\n\t\t\t\t<div class=\"elementor-widget-container\">\n\t\t\t<style>\/*! elementor - v3.18.0 - 20-12-2023 *\/\n.elementor-heading-title{padding:0;margin:0;line-height:1}.elementor-widget-heading .elementor-heading-title[class*=elementor-size-]>a{color:inherit;font-size:inherit;line-height:inherit}.elementor-widget-heading .elementor-heading-title.elementor-size-small{font-size:15px}.elementor-widget-heading .elementor-heading-title.elementor-size-medium{font-size:19px}.elementor-widget-heading .elementor-heading-title.elementor-size-large{font-size:29px}.elementor-widget-heading .elementor-heading-title.elementor-size-xl{font-size:39px}.elementor-widget-heading .elementor-heading-title.elementor-size-xxl{font-size:59px}<\/style><h1 class=\"elementor-heading-title elementor-size-default\">Sigol - Sistema de Informaci\u00f3n\nGeogr\u00e1fico para Oleoductos<\/h1>\t\t<\/div>\n\t\t\t\t<\/div>\n\t\t\t\t<\/div>\n\t\t\t\t\t<\/div>\n\t\t\t\t<\/div>\n\t\t<div class=\"elementor-element elementor-element-2fea4c8 e-flex e-con-boxed e-con e-parent\" data-id=\"2fea4c8\" data-element_type=\"container\" data-settings=\"{&quot;content_width&quot;:&quot;boxed&quot;}\" data-core-v316-plus=\"true\">\n\t\t\t\t\t<div class=\"e-con-inner\">\n\t\t\t\t<div class=\"elementor-element elementor-element-38d3a3a elementor-widget elementor-widget-text-editor\" data-id=\"38d3a3a\" data-element_type=\"widget\" data-widget_type=\"text-editor.default\">\n\t\t\t\t<div class=\"elementor-widget-container\">\n\t\t\t<style>\/*! elementor - v3.18.0 - 20-12-2023 *\/\n.elementor-widget-text-editor.elementor-drop-cap-view-stacked .elementor-drop-cap{background-color:#69727d;color:#fff}.elementor-widget-text-editor.elementor-drop-cap-view-framed .elementor-drop-cap{color:#69727d;border:3px solid;background-color:transparent}.elementor-widget-text-editor:not(.elementor-drop-cap-view-default) .elementor-drop-cap{margin-top:8px}.elementor-widget-text-editor:not(.elementor-drop-cap-view-default) .elementor-drop-cap-letter{width:1em;height:1em}.elementor-widget-text-editor .elementor-drop-cap{float:left;text-align:center;line-height:1;font-size:50px}.elementor-widget-text-editor .elementor-drop-cap-letter{display:inline-block}<\/style>\t\t\t\t<p>2014 \u2013 presente<\/p>\t\t\t\t\t\t<\/div>\n\t\t\t\t<\/div>\n\t\t\t\t\t<\/div>\n\t\t\t\t<\/div>\n\t\t<div class=\"elementor-element elementor-element-4b15d8e e-flex e-con-boxed e-con e-parent\" data-id=\"4b15d8e\" data-element_type=\"container\" data-settings=\"{&quot;content_width&quot;:&quot;boxed&quot;}\" data-core-v316-plus=\"true\">\n\t\t\t\t\t<div class=\"e-con-inner\">\n\t\t\t\t<div class=\"elementor-element elementor-element-731f974 elementor-widget elementor-widget-text-editor\" data-id=\"731f974\" data-element_type=\"widget\" data-widget_type=\"text-editor.default\">\n\t\t\t\t<div class=\"elementor-widget-container\">\n\t\t\t\t\t\t\t<p>Plataforma dise\u00f1ada para Oleoducto de los Llanos Orientales S.A. y Oleoducto Bicentenario de Colombia S.A.S<\/p>\t\t\t\t\t\t<\/div>\n\t\t\t\t<\/div>\n\t\t\t\t\t<\/div>\n\t\t\t\t<\/div>\n\t\t<div class=\"elementor-element elementor-element-d32e4a6 e-flex e-con-boxed e-con e-parent\" data-id=\"d32e4a6\" data-element_type=\"container\" data-settings=\"{&quot;content_width&quot;:&quot;boxed&quot;}\" data-core-v316-plus=\"true\">\n\t\t\t\t\t<div class=\"e-con-inner\">\n\t\t\t\t<div class=\"elementor-element elementor-element-87b6922 elementor-widget elementor-widget-text-editor\" data-id=\"87b6922\" data-element_type=\"widget\" data-widget_type=\"text-editor.default\">\n\t\t\t\t<div class=\"elementor-widget-container\">\n\t\t\t\t\t\t\t<!DOCTYPE html>\n<html lang=\"en\">\n<head>\n    <meta charset=\"UTF-8\">\n    <meta name=\"viewport\" content=\"width=device-width, initial-scale=1.0\">\n    <title>Visit Company<\/title>\n    <style>\n        body {\n            font-family: Arial, sans-serif; \/* You can adjust the font according to your preferences *\/\n        }\n        \n        \/* Style for the link text color *\/\n        .ver-mas-btn {\n            color: #057DB0; \/* Change the text color according to your preferences *\/\n            text-decoration: none;\n            font-weight: bold;\n        }\n    <\/style>\n<\/head>\n<body>\n\n<!-- Link \"Visit Company\" -->\n<a class=\"ver-mas-btn\" href=\"http:\/\/www.odl.com.co\" target=\"_blank\" rel=\"noopener\">Visitar compa\u00f1\u00eda<\/a>\n\n<!-- More content of your page -->\n\n<\/body>\n<\/html>\n\t\t\t\t\t\t<\/div>\n\t\t\t\t<\/div>\n\t\t\t\t\t<\/div>\n\t\t\t\t<\/div>\n\t\t<div class=\"elementor-element elementor-element-47e740e e-flex e-con-boxed e-con e-parent\" data-id=\"47e740e\" data-element_type=\"container\" data-settings=\"{&quot;content_width&quot;:&quot;boxed&quot;}\" data-core-v316-plus=\"true\">\n\t\t\t\t\t<div class=\"e-con-inner\">\n\t\t\t\t<div class=\"elementor-element elementor-element-56cbebc elementor-widget elementor-widget-image\" data-id=\"56cbebc\" data-element_type=\"widget\" data-widget_type=\"image.default\">\n\t\t\t\t<div class=\"elementor-widget-container\">\n\t\t\t<style>\/*! elementor - v3.18.0 - 20-12-2023 *\/\n.elementor-widget-image{text-align:center}.elementor-widget-image a{display:inline-block}.elementor-widget-image a img[src$=\".svg\"]{width:48px}.elementor-widget-image img{vertical-align:middle;display:inline-block}<\/style>\t\t\t\t\t\t\t\t\t\t\t\t<img fetchpriority=\"high\" decoding=\"async\" width=\"1024\" height=\"554\" src=\"https:\/\/puxles.com\/wp-content\/uploads\/2024\/02\/sigol-1-1024x554.png\" class=\"attachment-large size-large wp-image-3377\" alt=\"sigo mapa\" srcset=\"https:\/\/puxles.com\/wp-content\/uploads\/2024\/02\/sigol-1-1024x554.png 1024w, https:\/\/puxles.com\/wp-content\/uploads\/2024\/02\/sigol-1-300x162.png 300w, https:\/\/puxles.com\/wp-content\/uploads\/2024\/02\/sigol-1-768x416.png 768w, https:\/\/puxles.com\/wp-content\/uploads\/2024\/02\/sigol-1-18x10.png 18w, https:\/\/puxles.com\/wp-content\/uploads\/2024\/02\/sigol-1.png 1424w\" sizes=\"(max-width: 1024px) 100vw, 1024px\" \/>\t\t\t\t\t\t\t\t\t\t\t\t\t\t\t<\/div>\n\t\t\t\t<\/div>\n\t\t\t\t\t<\/div>\n\t\t\t\t<\/div>\n\t\t<div class=\"elementor-element elementor-element-818c512 e-flex e-con-boxed e-con e-parent\" data-id=\"818c512\" data-element_type=\"container\" data-settings=\"{&quot;content_width&quot;:&quot;boxed&quot;}\" data-core-v316-plus=\"true\">\n\t\t\t\t\t<div class=\"e-con-inner\">\n\t\t\t\t\t<\/div>\n\t\t\t\t<\/div>\n\t\t<div class=\"elementor-element elementor-element-f9e1332 e-flex e-con-boxed e-con e-parent\" data-id=\"f9e1332\" data-element_type=\"container\" data-settings=\"{&quot;content_width&quot;:&quot;boxed&quot;}\" data-core-v316-plus=\"true\">\n\t\t\t\t\t<div class=\"e-con-inner\">\n\t\t\t\t<div class=\"elementor-element elementor-element-decba80 elementor-widget__width-initial elementor-widget elementor-widget-text-editor\" data-id=\"decba80\" data-element_type=\"widget\" data-widget_type=\"text-editor.default\">\n\t\t\t\t<div class=\"elementor-widget-container\">\n\t\t\t\t\t\t\t<p>Puxles ha sido una de las empresas fundamentales durante 8 a\u00f1os consecutivos en la construcci\u00f3n del Sistema de Informaci\u00f3n Geogr\u00e1fica para Oleoductos - SIGOL, una plataforma web desarrollada con tecnolog\u00eda ArcGIS, frameworks de c\u00f3digo abierto e integraci\u00f3n con la nube de Microsoft Azure, OpenText, SAP, SQL Server, ArcGIS Server, ArcGIS Online, entre otros.<\/p><p>Esta plataforma ha sido un producto con un alto nivel de calidad y \u00fanico en su dise\u00f1o, ya que incorpora el est\u00e1ndar PODS (Pipeline Open Data Standard) para la gesti\u00f3n geoespacial de datos de oleoductos y sus instalaciones. Puede ser administrado por tecnolog\u00edas geoespaciales como ArcGIS y proporciona acceso a m\u00e1s de 200 usuarios en toda la organizaci\u00f3n.<\/p>\t\t\t\t\t\t<\/div>\n\t\t\t\t<\/div>\n\t\t\t\t\t<\/div>\n\t\t\t\t<\/div>\n\t\t<div class=\"elementor-element elementor-element-9563fb6 e-flex e-con-boxed e-con e-parent\" data-id=\"9563fb6\" data-element_type=\"container\" data-settings=\"{&quot;content_width&quot;:&quot;boxed&quot;}\" data-core-v316-plus=\"true\">\n\t\t\t\t\t<div class=\"e-con-inner\">\n\t\t\t\t\t<\/div>\n\t\t\t\t<\/div>\n\t\t<div class=\"elementor-element elementor-element-d9aa544 e-flex e-con-boxed e-con e-parent\" data-id=\"d9aa544\" data-element_type=\"container\" data-settings=\"{&quot;content_width&quot;:&quot;boxed&quot;}\" data-core-v316-plus=\"true\">\n\t\t\t\t\t<div class=\"e-con-inner\">\n\t\t\t\t<div class=\"elementor-element elementor-element-a1053c4 elementor-widget elementor-widget-image\" data-id=\"a1053c4\" data-element_type=\"widget\" data-widget_type=\"image.default\">\n\t\t\t\t<div class=\"elementor-widget-container\">\n\t\t\t\t\t\t\t\t\t\t\t\t\t\t\t<img decoding=\"async\" width=\"1024\" height=\"557\" src=\"https:\/\/puxles.com\/wp-content\/uploads\/2024\/02\/sigol-2-1024x557.png\" class=\"attachment-large size-large wp-image-3378\" alt=\"sigol home\" srcset=\"https:\/\/puxles.com\/wp-content\/uploads\/2024\/02\/sigol-2-1024x557.png 1024w, https:\/\/puxles.com\/wp-content\/uploads\/2024\/02\/sigol-2-300x163.png 300w, https:\/\/puxles.com\/wp-content\/uploads\/2024\/02\/sigol-2-768x417.png 768w, https:\/\/puxles.com\/wp-content\/uploads\/2024\/02\/sigol-2-18x10.png 18w, https:\/\/puxles.com\/wp-content\/uploads\/2024\/02\/sigol-2.png 1424w\" sizes=\"(max-width: 1024px) 100vw, 1024px\" \/>\t\t\t\t\t\t\t\t\t\t\t\t\t\t\t<\/div>\n\t\t\t\t<\/div>\n\t\t\t\t\t<\/div>\n\t\t\t\t<\/div>\n\t\t<div class=\"elementor-element elementor-element-a1276e9 e-flex e-con-boxed e-con e-parent\" data-id=\"a1276e9\" data-element_type=\"container\" data-settings=\"{&quot;content_width&quot;:&quot;boxed&quot;}\" data-core-v316-plus=\"true\">\n\t\t\t\t\t<div class=\"e-con-inner\">\n\t\t\t\t\t<\/div>\n\t\t\t\t<\/div>\n\t\t<div class=\"elementor-element elementor-element-be64976 e-flex e-con-boxed e-con e-parent\" data-id=\"be64976\" data-element_type=\"container\" data-settings=\"{&quot;content_width&quot;:&quot;boxed&quot;}\" data-core-v316-plus=\"true\">\n\t\t\t\t\t<div class=\"e-con-inner\">\n\t\t\t\t<div class=\"elementor-element elementor-element-86f07a8 elementor-widget__width-initial elementor-widget elementor-widget-text-editor\" data-id=\"86f07a8\" data-element_type=\"widget\" data-widget_type=\"text-editor.default\">\n\t\t\t\t<div class=\"elementor-widget-container\">\n\t\t\t\t\t\t\t<p>SIGOL fue dise\u00f1ado utilizando el patr\u00f3n FRONTEND\/BACKEND, donde cada API de backend tiene su respectiva biblioteca de frontend en Angular 16, con el objetivo de lograr un mantenimiento flexible a lo largo del tiempo. El backend est\u00e1 basado en el est\u00e1ndar Java 17 con un enfoque de microservicios agn\u00f3stico utilizando contenedores Docker, lo que permite tiempos de respuesta de menos de 1 segundo para arranques en fr\u00edo y equilibrio de carga de APIs durante picos de demanda. Para este caso, se implement\u00f3 el framework Quarkus (https:\/\/quarkus.io) de Red Hat en Java 17 con contenedores Docker que gestionan binarios nativos. SIGOL utiliza ampliamente varias tecnolog\u00edas y especificaciones de API como Hibernate, OIDC, REST, SOAP, Bean Validation, Interceptors, JTA, JAX-RS y muchas otras. Adem\u00e1s, utiliza otros frameworks para pruebas automatizadas y agn\u00f3sticas como Testcontainers, Jupiter y JUnit.<\/p>\t\t\t\t\t\t<\/div>\n\t\t\t\t<\/div>\n\t\t\t\t\t<\/div>\n\t\t\t\t<\/div>\n\t\t<div class=\"elementor-element elementor-element-0c48c63 e-flex e-con-boxed e-con e-parent\" data-id=\"0c48c63\" data-element_type=\"container\" data-settings=\"{&quot;content_width&quot;:&quot;boxed&quot;}\" data-core-v316-plus=\"true\">\n\t\t\t\t\t<div class=\"e-con-inner\">\n\t\t\t\t\t<\/div>\n\t\t\t\t<\/div>\n\t\t<div class=\"elementor-element elementor-element-3a1468f e-flex e-con-boxed e-con e-parent\" data-id=\"3a1468f\" data-element_type=\"container\" data-settings=\"{&quot;content_width&quot;:&quot;boxed&quot;}\" data-core-v316-plus=\"true\">\n\t\t\t\t\t<div class=\"e-con-inner\">\n\t\t\t\t<div class=\"elementor-element elementor-element-6570a3c elementor-widget elementor-widget-image\" data-id=\"6570a3c\" data-element_type=\"widget\" data-widget_type=\"image.default\">\n\t\t\t\t<div class=\"elementor-widget-container\">\n\t\t\t\t\t\t\t\t\t\t\t\t\t\t\t<img decoding=\"async\" width=\"1024\" height=\"556\" src=\"https:\/\/puxles.com\/wp-content\/uploads\/2024\/02\/sigol-3-1024x556.png\" class=\"attachment-large size-large wp-image-3379\" alt=\"sigol - listado caracteristica\" srcset=\"https:\/\/puxles.com\/wp-content\/uploads\/2024\/02\/sigol-3-1024x556.png 1024w, https:\/\/puxles.com\/wp-content\/uploads\/2024\/02\/sigol-3-300x163.png 300w, https:\/\/puxles.com\/wp-content\/uploads\/2024\/02\/sigol-3-768x417.png 768w, https:\/\/puxles.com\/wp-content\/uploads\/2024\/02\/sigol-3-18x10.png 18w, https:\/\/puxles.com\/wp-content\/uploads\/2024\/02\/sigol-3.png 1425w\" sizes=\"(max-width: 1024px) 100vw, 1024px\" \/>\t\t\t\t\t\t\t\t\t\t\t\t\t\t\t<\/div>\n\t\t\t\t<\/div>\n\t\t\t\t\t<\/div>\n\t\t\t\t<\/div>\n\t\t<div class=\"elementor-element elementor-element-b5aefcf e-flex e-con-boxed e-con e-parent\" data-id=\"b5aefcf\" data-element_type=\"container\" data-settings=\"{&quot;content_width&quot;:&quot;boxed&quot;}\" data-core-v316-plus=\"true\">\n\t\t\t\t\t<div class=\"e-con-inner\">\n\t\t\t\t\t<\/div>\n\t\t\t\t<\/div>\n\t\t<div class=\"elementor-element elementor-element-14db0d2 e-flex e-con-boxed e-con e-parent\" data-id=\"14db0d2\" data-element_type=\"container\" data-settings=\"{&quot;content_width&quot;:&quot;boxed&quot;}\" data-core-v316-plus=\"true\">\n\t\t\t\t\t<div class=\"e-con-inner\">\n\t\t\t\t<div class=\"elementor-element elementor-element-f338d49 elementor-widget__width-initial elementor-widget elementor-widget-text-editor\" data-id=\"f338d49\" data-element_type=\"widget\" data-widget_type=\"text-editor.default\">\n\t\t\t\t<div class=\"elementor-widget-container\">\n\t\t\t\t\t\t\t<p>SIGOL se convierte en la plataforma web geogr\u00e1fica para el Oleoducto de los Llanos Orientales, sirviendo como el punto central para acceder a informaci\u00f3n en tiempo real sobre datos ambientales como vertimientos, captaci\u00f3n de agua, residuos s\u00f3lidos (y otros cuatro m\u00f3dulos), bienes ra\u00edces (diagn\u00f3sticos legales, informaci\u00f3n catastral, informes de da\u00f1os, reportes), trabajo de campo (trabajo de campo con puntos GPS), operaciones (mantenimiento y alertas en el oleoducto), eventos de monitoreo social y ambiental (MIDE), proporcionando integraci\u00f3n con otros sistemas de informaci\u00f3n externos como el repositorio de documentos OpenText, SAP, Microsoft Azure y Microsoft Office de la organizaci\u00f3n.<\/p>\t\t\t\t\t\t<\/div>\n\t\t\t\t<\/div>\n\t\t\t\t\t<\/div>\n\t\t\t\t<\/div>\n\t\t<div class=\"elementor-element elementor-element-0d94f01 e-flex e-con-boxed e-con e-parent\" data-id=\"0d94f01\" data-element_type=\"container\" data-settings=\"{&quot;content_width&quot;:&quot;boxed&quot;}\" data-core-v316-plus=\"true\">\n\t\t\t\t\t<div class=\"e-con-inner\">\n\t\t\t\t<div class=\"elementor-element elementor-element-5da5b67 elementor-widget elementor-widget-spacer\" data-id=\"5da5b67\" data-element_type=\"widget\" data-widget_type=\"spacer.default\">\n\t\t\t\t<div class=\"elementor-widget-container\">\n\t\t\t<style>\/*! elementor - v3.18.0 - 20-12-2023 *\/\n.elementor-column .elementor-spacer-inner{height:var(--spacer-size)}.e-con{--container-widget-width:100%}.e-con-inner>.elementor-widget-spacer,.e-con>.elementor-widget-spacer{width:var(--container-widget-width,var(--spacer-size));--align-self:var(--container-widget-align-self,initial);--flex-shrink:0}.e-con-inner>.elementor-widget-spacer>.elementor-widget-container,.e-con>.elementor-widget-spacer>.elementor-widget-container{height:100%;width:100%}.e-con-inner>.elementor-widget-spacer>.elementor-widget-container>.elementor-spacer,.e-con>.elementor-widget-spacer>.elementor-widget-container>.elementor-spacer{height:100%}.e-con-inner>.elementor-widget-spacer>.elementor-widget-container>.elementor-spacer>.elementor-spacer-inner,.e-con>.elementor-widget-spacer>.elementor-widget-container>.elementor-spacer>.elementor-spacer-inner{height:var(--container-widget-height,var(--spacer-size))}.e-con-inner>.elementor-widget-spacer.elementor-widget-empty,.e-con>.elementor-widget-spacer.elementor-widget-empty{position:relative;min-height:22px;min-width:22px}.e-con-inner>.elementor-widget-spacer.elementor-widget-empty .elementor-widget-empty-icon,.e-con>.elementor-widget-spacer.elementor-widget-empty .elementor-widget-empty-icon{position:absolute;top:0;bottom:0;left:0;right:0;margin:auto;padding:0;width:22px;height:22px}<\/style>\t\t<div class=\"elementor-spacer\">\n\t\t\t<div class=\"elementor-spacer-inner\"><\/div>\n\t\t<\/div>\n\t\t\t\t<\/div>\n\t\t\t\t<\/div>\n\t\t\t\t\t<\/div>\n\t\t\t\t<\/div>\n\t\t\t\t\t\t\t<\/div>","protected":false},"excerpt":{"rendered":"<p>Sigol &#8211; Geographic Information System for Pipelines 2014 &#8211; present Platform designed for Oleoducto de los Llanos Orientales S.A. and Oleoducto Bicentenario de Colombia S.A.S. Visit Company Visit company Puxles has been one of the core companies for 8 consecutive years in the construction of the Geographic Information System for Pipelines &#8211; SIGOL, a web [&hellip;]<\/p>","protected":false},"author":1,"featured_media":0,"parent":0,"menu_order":0,"comment_status":"closed","ping_status":"closed","template":"","meta":{"_monsterinsights_skip_tracking":false,"_monsterinsights_sitenote_active":false,"_monsterinsights_sitenote_note":"","_monsterinsights_sitenote_category":0,"site-sidebar-layout":"no-sidebar","site-content-layout":"page-builder","ast-site-content-layout":"full-width-container","site-content-style":"default","site-sidebar-style":"default","ast-global-header-display":"","ast-banner-title-visibility":"","ast-main-header-display":"","ast-hfb-above-header-display":"","ast-hfb-below-header-display":"","ast-hfb-mobile-header-display":"","site-post-title":"disabled","ast-breadcrumbs-content":"","ast-featured-img":"disabled","footer-sml-layout":"","theme-transparent-header-meta":"","adv-header-id-meta":"","stick-header-meta":"","header-above-stick-meta":"","header-main-stick-meta":"","header-below-stick-meta":"","astra-migrate-meta-layouts":"set","ast-page-background-enabled":"default","ast-page-background-meta":{"desktop":{"background-color":"var(--ast-global-color-4)","background-image":"","background-repeat":"repeat","background-position":"center center","background-size":"auto","background-attachment":"scroll","background-type":"","background-media":"","overlay-type":"","overlay-color":"","overlay-gradient":""},"tablet":{"background-color":"","background-image":"","background-repeat":"repeat","background-position":"center center","background-size":"auto","background-attachment":"scroll","background-type":"","background-media":"","overlay-type":"","overlay-color":"","overlay-gradient":""},"mobile":{"background-color":"","background-image":"","background-repeat":"repeat","background-position":"center center","background-size":"auto","background-attachment":"scroll","background-type":"","background-media":"","overlay-type":"","overlay-color":"","overlay-gradient":""}},"ast-content-background-meta":{"desktop":{"background-color":"var(--ast-global-color-5)","background-image":"","background-repeat":"repeat","background-position":"center center","background-size":"auto","background-attachment":"scroll","background-type":"","background-media":"","overlay-type":"","overlay-color":"","overlay-gradient":""},"tablet":{"background-color":"var(--ast-global-color-5)","background-image":"","background-repeat":"repeat","background-position":"center center","background-size":"auto","background-attachment":"scroll","background-type":"","background-media":"","overlay-type":"","overlay-color":"","overlay-gradient":""},"mobile":{"background-color":"var(--ast-global-color-5)","background-image":"","background-repeat":"repeat","background-position":"center center","background-size":"auto","background-attachment":"scroll","background-type":"","background-media":"","overlay-type":"","overlay-color":"","overlay-gradient":""}},"footnotes":""},"class_list":["post-2156","page","type-page","status-publish","hentry"],"_links":{"self":[{"href":"https:\/\/puxles.com\/es\/wp-json\/wp\/v2\/pages\/2156","targetHints":{"allow":["GET"]}}],"collection":[{"href":"https:\/\/puxles.com\/es\/wp-json\/wp\/v2\/pages"}],"about":[{"href":"https:\/\/puxles.com\/es\/wp-json\/wp\/v2\/types\/page"}],"author":[{"embeddable":true,"href":"https:\/\/puxles.com\/es\/wp-json\/wp\/v2\/users\/1"}],"replies":[{"embeddable":true,"href":"https:\/\/puxles.com\/es\/wp-json\/wp\/v2\/comments?post=2156"}],"version-history":[{"count":44,"href":"https:\/\/puxles.com\/es\/wp-json\/wp\/v2\/pages\/2156\/revisions"}],"predecessor-version":[{"id":3697,"href":"https:\/\/puxles.com\/es\/wp-json\/wp\/v2\/pages\/2156\/revisions\/3697"}],"wp:attachment":[{"href":"https:\/\/puxles.com\/es\/wp-json\/wp\/v2\/media?parent=2156"}],"curies":[{"name":"wp","href":"https:\/\/api.w.org\/{rel}","templated":true}]}}